{"id":1100,"date":"2026-05-11T12:35:09","date_gmt":"2026-05-11T10:35:09","guid":{"rendered":"https:\/\/www.sterkgruppen.no\/?page_id=1100"},"modified":"2026-05-11T12:42:21","modified_gmt":"2026-05-11T10:42:21","slug":"ledige-stillinger","status":"publish","type":"page","link":"https:\/\/www.sterkgruppen.no\/?page_id=1100","title":{"rendered":"Ledige stillinger"},"content":{"rendered":"\t\t<div data-elementor-type=\"wp-page\" data-elementor-id=\"1100\" class=\"elementor elementor-1100\" data-elementor-post-type=\"page\">\n\t\t\t\t<div class=\"elementor-element elementor-element-e8790c0 e-flex e-con-boxed e-con e-parent\" data-id=\"e8790c0\" data-element_type=\"container\" data-e-type=\"container\" data-settings=\"{&quot;background_background&quot;:&quot;classic&quot;}\">\n\t\t\t\t\t<div class=\"e-con-inner\">\n\t\t<div class=\"elementor-element elementor-element-25f4bc3 e-flex e-con-boxed e-con e-child\" data-id=\"25f4bc3\" data-element_type=\"container\" data-e-type=\"container\">\n\t\t\t\t\t<div class=\"e-con-inner\">\n\t\t\t\t<div class=\"elementor-element elementor-element-10369ae elementor-grid-3 elementor-grid-tablet-2 elementor-grid-mobile-1 elementor-posts--thumbnail-top elementor-card-shadow-yes elementor-posts__hover-gradient elementor-widget elementor-widget-posts\" data-id=\"10369ae\" data-element_type=\"widget\" data-e-type=\"widget\" data-settings=\"{&quot;cards_columns&quot;:&quot;3&quot;,&quot;cards_columns_tablet&quot;:&quot;2&quot;,&quot;cards_columns_mobile&quot;:&quot;1&quot;,&quot;cards_row_gap&quot;:{&quot;unit&quot;:&quot;px&quot;,&quot;size&quot;:35,&quot;sizes&quot;:[]},&quot;cards_row_gap_tablet&quot;:{&quot;unit&quot;:&quot;px&quot;,&quot;size&quot;:&quot;&quot;,&quot;sizes&quot;:[]},&quot;cards_row_gap_mobile&quot;:{&quot;unit&quot;:&quot;px&quot;,&quot;size&quot;:&quot;&quot;,&quot;sizes&quot;:[]}}\" data-widget_type=\"posts.cards\">\n\t\t\t\t<div class=\"elementor-widget-container\">\n\t\t\t\t\t\t\t<div class=\"elementor-posts-container elementor-posts elementor-posts--skin-cards elementor-grid\" role=\"list\">\n\t\t\t\t<article class=\"elementor-post elementor-grid-item post-1102 post type-post status-publish format-standard has-post-thumbnail hentry category-ledige-stillinger tag-bo-i-telemark tag-ledig-stilling-tomrer tag-ledige-stillinger tag-midt-telemark tag-rjukan tag-total-entreprenor tag-tomrer\" role=\"listitem\">\n\t\t\t<div class=\"elementor-post__card\">\n\t\t\t\t<a class=\"elementor-post__thumbnail__link\" href=\"https:\/\/www.sterkgruppen.no\/?p=1102\" tabindex=\"-1\" ><div class=\"elementor-post__thumbnail\"><img fetchpriority=\"high\" decoding=\"async\" width=\"768\" height=\"512\" src=\"https:\/\/www.sterkgruppen.no\/wp-content\/uploads\/2026\/01\/Piotr-7-768x512.jpg\" class=\"attachment-medium_large size-medium_large wp-image-839\" alt=\"\" srcset=\"https:\/\/www.sterkgruppen.no\/wp-content\/uploads\/2026\/01\/Piotr-7-768x512.jpg 768w, https:\/\/www.sterkgruppen.no\/wp-content\/uploads\/2026\/01\/Piotr-7-300x200.jpg 300w, https:\/\/www.sterkgruppen.no\/wp-content\/uploads\/2026\/01\/Piotr-7-1024x682.jpg 1024w, https:\/\/www.sterkgruppen.no\/wp-content\/uploads\/2026\/01\/Piotr-7-1536x1024.jpg 1536w, https:\/\/www.sterkgruppen.no\/wp-content\/uploads\/2026\/01\/Piotr-7.jpg 2000w\" sizes=\"(max-width: 768px) 100vw, 768px\" \/><\/div><\/a>\n\t\t\t\t<div class=\"elementor-post__text\">\n\t\t\t\t<h3 class=\"elementor-post__title\">\n\t\t\t<a href=\"https:\/\/www.sterkgruppen.no\/?p=1102\" >\n\t\t\t\tErfarne t\u00f8mrere s\u00f8kes!\t\t\t<\/a>\n\t\t<\/h3>\n\t\t\t\t<div class=\"elementor-post__excerpt\">\n\t\t\t<p>STERK Entrepren\u00f8r er et solid entrepren\u00f8rfirma i Telemark med r\u00f8tter tilbake til 1970. Hos oss jobber du med alt fra hyttebygging i fjellet og boligrenovering til st\u00f8rre offentlige bygg, ingen dager er like. Vi s\u00f8ker t\u00f8mrere som har faglig tyngde, jobber selvstendig og leverer h\u00e5ndverk de er stolte av. Du blir del av et sterkt fagmilj\u00f8 med ingeni\u00f8rer, byggmestere og dyktige kollegaer.<\/p>\n\t\t<\/div>\n\t\t\n\t\t<a class=\"elementor-post__read-more\" href=\"https:\/\/www.sterkgruppen.no\/?p=1102\" aria-label=\"Read more about Erfarne t\u00f8mrere s\u00f8kes!\" tabindex=\"-1\" >\n\t\t\tLES MER\t\t<\/a>\n\n\t\t\t\t<\/div>\n\t\t\t\t<div class=\"elementor-post__meta-data\">\n\t\t\t\t\t<span class=\"elementor-post-date\">\n\t\t\t11. mai 2026\t\t<\/span>\n\t\t\t\t<\/div>\n\t\t\t\t\t<\/div>\n\t\t<\/article>\n\t\t\t\t<\/div>\n\t\t\n\t\t\t\t\t\t<\/div>\n\t\t\t\t<\/div>\n\t\t\t\t\t<\/div>\n\t\t\t\t<\/div>\n\t\t\t\t\t<\/div>\n\t\t\t\t<\/div>\n\t\t\t\t<section class=\"elementor-section elementor-top-section elementor-element elementor-element-fa9518e elementor-section-boxed elementor-section-height-default elementor-section-height-default\" data-id=\"fa9518e\" data-element_type=\"section\" data-e-type=\"section\" data-settings=\"{&quot;background_background&quot;:&quot;classic&quot;}\">\n\t\t\t\t\t\t\t<div class=\"elementor-background-overlay\"><\/div>\n\t\t\t\t\t\t\t<div class=\"elementor-container elementor-column-gap-default\">\n\t\t\t\t\t<div class=\"elementor-column elementor-col-100 elementor-top-column elementor-element elementor-element-746472a\" data-id=\"746472a\" data-element_type=\"column\" data-e-type=\"column\">\n\t\t\t<div class=\"elementor-widget-wrap\">\n\t\t\t\t\t\t\t<\/div>\n\t\t<\/div>\n\t\t\t\t\t<\/div>\n\t\t<\/section>\n\t\t\t\t<\/div>\n\t\t","protected":false},"excerpt":{"rendered":"","protected":false},"author":1,"featured_media":0,"parent":0,"menu_order":0,"comment_status":"closed","ping_status":"closed","template":"elementor_header_footer","meta":{"footnotes":""},"class_list":["post-1100","page","type-page","status-publish","hentry"],"_links":{"self":[{"href":"https:\/\/www.sterkgruppen.no\/index.php?rest_route=\/wp\/v2\/pages\/1100","targetHints":{"allow":["GET"]}}],"collection":[{"href":"https:\/\/www.sterkgruppen.no\/index.php?rest_route=\/wp\/v2\/pages"}],"about":[{"href":"https:\/\/www.sterkgruppen.no\/index.php?rest_route=\/wp\/v2\/types\/page"}],"author":[{"embeddable":true,"href":"https:\/\/www.sterkgruppen.no\/index.php?rest_route=\/wp\/v2\/users\/1"}],"replies":[{"embeddable":true,"href":"https:\/\/www.sterkgruppen.no\/index.php?rest_route=%2Fwp%2Fv2%2Fcomments&post=1100"}],"version-history":[{"count":13,"href":"https:\/\/www.sterkgruppen.no\/index.php?rest_route=\/wp\/v2\/pages\/1100\/revisions"}],"predecessor-version":[{"id":1131,"href":"https:\/\/www.sterkgruppen.no\/index.php?rest_route=\/wp\/v2\/pages\/1100\/revisions\/1131"}],"wp:attachment":[{"href":"https:\/\/www.sterkgruppen.no\/index.php?rest_route=%2Fwp%2Fv2%2Fmedia&parent=1100"}],"curies":[{"name":"wp","href":"https:\/\/api.w.org\/{rel}","templated":true}]}}