{"id":993,"date":"2026-02-10T12:55:00","date_gmt":"2026-02-10T11:55:00","guid":{"rendered":"https:\/\/www.sterkgruppen.no\/?page_id=993"},"modified":"2026-02-24T15:13:55","modified_gmt":"2026-02-24T14:13:55","slug":"historien-om-sterk-2","status":"publish","type":"page","link":"https:\/\/www.sterkgruppen.no\/?page_id=993","title":{"rendered":"Historien om STERK"},"content":{"rendered":"\t\t<div data-elementor-type=\"wp-page\" data-elementor-id=\"993\" class=\"elementor elementor-993\" data-elementor-post-type=\"page\">\n\t\t\t\t<div class=\"elementor-element elementor-element-c0847c9 site-header e-con-full e-flex elementor-invisible e-con e-parent\" data-id=\"c0847c9\" data-element_type=\"container\" data-e-type=\"container\" data-settings=\"{&quot;background_background&quot;:&quot;classic&quot;,&quot;motion_fx_motion_fx_scrolling&quot;:&quot;yes&quot;,&quot;animation&quot;:&quot;fadeIn&quot;,&quot;position&quot;:&quot;fixed&quot;,&quot;motion_fx_devices&quot;:[&quot;desktop&quot;,&quot;tablet&quot;,&quot;mobile&quot;]}\">\n\t\t<div class=\"elementor-element elementor-element-bf813a0 e-flex e-con-boxed e-con e-child\" data-id=\"bf813a0\" data-element_type=\"container\" data-e-type=\"container\" data-settings=\"{&quot;background_background&quot;:&quot;classic&quot;}\">\n\t\t\t\t\t<div class=\"e-con-inner\">\n\t\t<div class=\"elementor-element elementor-element-2bea9b45 e-flex e-con-boxed e-con e-child\" data-id=\"2bea9b45\" data-element_type=\"container\" data-e-type=\"container\">\n\t\t\t\t\t<div class=\"e-con-inner\">\n\t\t\t\t<div class=\"elementor-element elementor-element-905ef5e elementor-widget elementor-widget-image\" data-id=\"905ef5e\" data-element_type=\"widget\" data-e-type=\"widget\" data-widget_type=\"image.default\">\n\t\t\t\t<div class=\"elementor-widget-container\">\n\t\t\t\t\t\t\t\t\t\t\t\t\t\t\t\t<a href=\"https:\/\/www.sterkgruppen.no\/\">\n\t\t\t\t\t\t\t<img fetchpriority=\"high\" decoding=\"async\" width=\"800\" height=\"228\" src=\"https:\/\/www.sterkgruppen.no\/wp-content\/uploads\/2026\/01\/cropped-STERK_Brun_Typo-1024x292.png\" class=\"attachment-large size-large wp-image-690\" alt=\"\" srcset=\"https:\/\/www.sterkgruppen.no\/wp-content\/uploads\/2026\/01\/cropped-STERK_Brun_Typo-1024x292.png 1024w, https:\/\/www.sterkgruppen.no\/wp-content\/uploads\/2026\/01\/cropped-STERK_Brun_Typo-300x86.png 300w, https:\/\/www.sterkgruppen.no\/wp-content\/uploads\/2026\/01\/cropped-STERK_Brun_Typo-768x219.png 768w, https:\/\/www.sterkgruppen.no\/wp-content\/uploads\/2026\/01\/cropped-STERK_Brun_Typo-1536x439.png 1536w, https:\/\/www.sterkgruppen.no\/wp-content\/uploads\/2026\/01\/cropped-STERK_Brun_Typo-2048x585.png 2048w\" sizes=\"(max-width: 800px) 100vw, 800px\" \/>\t\t\t\t\t\t\t\t<\/a>\n\t\t\t\t\t\t\t\t\t\t\t\t\t\t\t<\/div>\n\t\t\t\t<\/div>\n\t\t\t\t\t<\/div>\n\t\t\t\t<\/div>\n\t\t<div class=\"elementor-element elementor-element-68226c5c e-flex e-con-boxed e-con e-child\" data-id=\"68226c5c\" data-element_type=\"container\" data-e-type=\"container\">\n\t\t\t\t\t<div class=\"e-con-inner\">\n\t\t\t\t<div class=\"elementor-element elementor-element-6940e6d9 elementor-view-default elementor-widget elementor-widget-icon\" data-id=\"6940e6d9\" data-element_type=\"widget\" data-e-type=\"widget\" data-widget_type=\"icon.default\">\n\t\t\t\t<div class=\"elementor-widget-container\">\n\t\t\t\t\t\t\t<div class=\"elementor-icon-wrapper\">\n\t\t\t<a class=\"elementor-icon\" href=\"#elementor-action%3Aaction%3Doff_canvas%3Aopen%26settings%3DeyJpZCI6IjI5ZDQzZTAyIiwiZGlzcGxheU1vZGUiOiJvcGVuIn0%3D\">\n\t\t\t<i aria-hidden=\"true\" class=\"fas fa-bars\"><\/i>\t\t\t<\/a>\n\t\t<\/div>\n\t\t\t\t\t\t<\/div>\n\t\t\t\t<\/div>\n\t\t\t\t\t<\/div>\n\t\t\t\t<\/div>\n\t\t\t\t\t<\/div>\n\t\t\t\t<\/div>\n\t\t<div class=\"elementor-element elementor-element-71ff2f75 e-con-full e-flex e-con e-child\" data-id=\"71ff2f75\" data-element_type=\"container\" data-e-type=\"container\" data-settings=\"{&quot;background_background&quot;:&quot;classic&quot;}\">\n\t\t\t\t<div class=\"elementor-element elementor-element-29d43e02 elementor-widget elementor-widget-off-canvas\" data-id=\"29d43e02\" data-element_type=\"widget\" data-e-type=\"widget\" data-widget_type=\"off-canvas.default\">\n\t\t\t\t<div class=\"elementor-widget-container\">\n\t\t\t\t\t\t\t<div id=\"off-canvas-29d43e02\" class=\"e-off-canvas\" role=\"dialog\" aria-hidden=\"true\" aria-label=\"Off-Canvas Menu\" aria-modal=\"true\" inert=\"\" data-delay-child-handlers=\"true\">\n\t\t\t<div class=\"e-off-canvas__overlay\"><\/div>\n\t\t\t<div class=\"e-off-canvas__main\">\n\t\t\t\t<div class=\"e-off-canvas__content\">\n\t\t\t\t\t<div class=\"elementor-element elementor-element-46f83900 e-con-full e-flex e-con e-child\" data-id=\"46f83900\" data-element_type=\"container\" data-e-type=\"container\" data-settings=\"{&quot;background_background&quot;:&quot;classic&quot;}\">\n\t\t<div class=\"elementor-element elementor-element-2f0870eb e-flex e-con-boxed e-con e-child\" data-id=\"2f0870eb\" data-element_type=\"container\" data-e-type=\"container\" data-settings=\"{&quot;background_background&quot;:&quot;classic&quot;}\">\n\t\t\t\t\t<div class=\"e-con-inner\">\n\t\t\t\t<div class=\"elementor-element elementor-element-606df806 elementor-widget elementor-widget-image\" data-id=\"606df806\" data-element_type=\"widget\" data-e-type=\"widget\" data-widget_type=\"image.default\">\n\t\t\t\t<div class=\"elementor-widget-container\">\n\t\t\t\t\t\t\t\t\t\t\t\t\t\t\t<img decoding=\"async\" width=\"225\" height=\"300\" src=\"https:\/\/www.sterkgruppen.no\/wp-content\/uploads\/2026\/01\/STERK_Mork_Symbol-225x300.png\" class=\"attachment-medium size-medium wp-image-751\" alt=\"\" srcset=\"https:\/\/www.sterkgruppen.no\/wp-content\/uploads\/2026\/01\/STERK_Mork_Symbol-225x300.png 225w, https:\/\/www.sterkgruppen.no\/wp-content\/uploads\/2026\/01\/STERK_Mork_Symbol-767x1024.png 767w, https:\/\/www.sterkgruppen.no\/wp-content\/uploads\/2026\/01\/STERK_Mork_Symbol-768x1025.png 768w, https:\/\/www.sterkgruppen.no\/wp-content\/uploads\/2026\/01\/STERK_Mork_Symbol.png 1051w\" sizes=\"(max-width: 225px) 100vw, 225px\" \/>\t\t\t\t\t\t\t\t\t\t\t\t\t\t\t<\/div>\n\t\t\t\t<\/div>\n\t\t\t\t<div class=\"elementor-element elementor-element-6355022e elementor-view-default elementor-widget elementor-widget-icon\" data-id=\"6355022e\" data-element_type=\"widget\" data-e-type=\"widget\" data-widget_type=\"icon.default\">\n\t\t\t\t<div class=\"elementor-widget-container\">\n\t\t\t\t\t\t\t<div class=\"elementor-icon-wrapper\">\n\t\t\t<a class=\"elementor-icon\" href=\"#elementor-action%3Aaction%3Doff_canvas%3Aclose%26settings%3DeyJpZCI6IjI5ZDQzZTAyIiwiZGlzcGxheU1vZGUiOiJjbG9zZSJ9\">\n\t\t\t<i aria-hidden=\"true\" class=\"fas fa-angle-right\"><\/i>\t\t\t<\/a>\n\t\t<\/div>\n\t\t\t\t\t\t<\/div>\n\t\t\t\t<\/div>\n\t\t\t\t\t<\/div>\n\t\t\t\t<\/div>\n\t\t<div class=\"elementor-element elementor-element-234be82a e-con-full e-flex e-con e-child\" data-id=\"234be82a\" data-element_type=\"container\" data-e-type=\"container\" data-settings=\"{&quot;background_background&quot;:&quot;classic&quot;}\">\n\t\t\t\t<div class=\"elementor-element elementor-element-1a56946d elementor-widget__width-initial elementor-nav-menu__text-align-aside elementor-widget elementor-widget-nav-menu\" data-id=\"1a56946d\" data-element_type=\"widget\" data-e-type=\"widget\" data-settings=\"{&quot;layout&quot;:&quot;dropdown&quot;,&quot;submenu_icon&quot;:{&quot;value&quot;:&quot;&lt;i class=\\&quot;fas fa-angle-down\\&quot; aria-hidden=\\&quot;true\\&quot;&gt;&lt;\\\/i&gt;&quot;,&quot;library&quot;:&quot;fa-solid&quot;}}\" data-widget_type=\"nav-menu.default\">\n\t\t\t\t<div class=\"elementor-widget-container\">\n\t\t\t\t\t\t\t\t<nav class=\"elementor-nav-menu--dropdown elementor-nav-menu__container\" aria-hidden=\"true\">\n\t\t\t\t<ul id=\"menu-2-1a56946d\" class=\"elementor-nav-menu\"><li class=\"menu-item menu-item-type-custom menu-item-object-custom menu-item-home menu-item-321\"><a href=\"https:\/\/www.sterkgruppen.no\/\" class=\"elementor-item\" tabindex=\"-1\">Hjem<\/a><\/li>\n<li class=\"menu-item menu-item-type-post_type menu-item-object-page menu-item-559\"><a href=\"https:\/\/www.sterkgruppen.no\/?page_id=524\" class=\"elementor-item\" tabindex=\"-1\">Artikler<\/a><\/li>\n<li class=\"menu-item menu-item-type-post_type menu-item-object-page menu-item-293\"><a href=\"https:\/\/www.sterkgruppen.no\/?page_id=105\" class=\"elementor-item\" tabindex=\"-1\">Kontakt oss<\/a><\/li>\n<li class=\"menu-item menu-item-type-post_type menu-item-object-page menu-item-1005\"><a href=\"https:\/\/www.sterkgruppen.no\/?page_id=993\" class=\"elementor-item\" tabindex=\"-1\">Historien om STERK<\/a><\/li>\n<li class=\"menu-item menu-item-type-post_type menu-item-object-page menu-item-1142\"><a href=\"https:\/\/www.sterkgruppen.no\/?page_id=1100\" class=\"elementor-item\" tabindex=\"-1\">Ledige stillinger<\/a><\/li>\n<\/ul>\t\t\t<\/nav>\n\t\t\t\t\t\t<\/div>\n\t\t\t\t<\/div>\n\t\t\t\t<\/div>\n\t\t\t\t<\/div>\n\t\t\t\t\t\t<\/div>\n\t\t\t<\/div>\n\t\t<\/div>\n\t\t\t\t\t\t<\/div>\n\t\t\t\t<\/div>\n\t\t\t\t<\/div>\n\t\t\t\t<\/div>\n\t\t<div class=\"elementor-element elementor-element-555f5e96 e-con-full e-flex e-con e-parent\" data-id=\"555f5e96\" data-element_type=\"container\" data-e-type=\"container\" data-settings=\"{&quot;background_background&quot;:&quot;classic&quot;}\">\n\t\t<div class=\"elementor-element elementor-element-73be7b77 e-con-full e-flex elementor-invisible e-con e-child\" data-id=\"73be7b77\" data-element_type=\"container\" data-e-type=\"container\" data-settings=\"{&quot;background_background&quot;:&quot;classic&quot;,&quot;animation&quot;:&quot;fadeInUp&quot;}\">\n\t\t\t\t<div class=\"elementor-element elementor-element-dc6917e elementor-widget elementor-widget-heading\" data-id=\"dc6917e\" data-element_type=\"widget\" data-e-type=\"widget\" data-widget_type=\"heading.default\">\n\t\t\t\t<div class=\"elementor-widget-container\">\n\t\t\t\t\t<p class=\"elementor-heading-title elementor-size-default\">Historien om STERK<\/p>\t\t\t\t<\/div>\n\t\t\t\t<\/div>\n\t\t\t\t<div class=\"elementor-element elementor-element-70758c32 elementor-widget elementor-widget-text-editor\" data-id=\"70758c32\" data-element_type=\"widget\" data-e-type=\"widget\" data-widget_type=\"text-editor.default\">\n\t\t\t\t<div class=\"elementor-widget-container\">\n\t\t\t\t\t\t\t\t\t<p>I STERK har vi samlet solide fagmilj\u00f8er basert p\u00e5 felles lidenskap for faget. Sterk dedikasjon til h\u00e5ndverk, kvalitet og kunder, kombinert med tradisjon og nytenkning, st\u00e5r sentralt.<\/p>\n<p>Grunnlaget ble lagt i 1984, da en familiedrevet virksomhet innen bygg og eiendom startet sin aktivitet. Denne virksomheten utviklet seg over tid til det som senere ble Eiendomsdrift SA, formelt etablert som eget selskap i 2004. Selskapet bygget videre p\u00e5 erfaring fra entrepren\u00f8rvirksomhet, drift og forvaltning av eiendom, og opparbeidet seg bred kompetanse innen b\u00e5de praktisk gjennomf\u00f8ring og teknisk r\u00e5dgivning.<\/p>\t\t\t\t\t\t\t\t<\/div>\n\t\t\t\t<\/div>\n\t\t\t\t<div class=\"elementor-element elementor-element-a97a4c2 elementor-widget elementor-widget-heading\" data-id=\"a97a4c2\" data-element_type=\"widget\" data-e-type=\"widget\" data-widget_type=\"heading.default\">\n\t\t\t\t<div class=\"elementor-widget-container\">\n\t\t\t\t\t<p class=\"elementor-heading-title elementor-size-default\">Eiendomsdrift \u2013 n\u00f8kkelen som \u00e5pnet alt<\/p>\t\t\t\t<\/div>\n\t\t\t\t<\/div>\n\t\t\t\t<div class=\"elementor-element elementor-element-4fc0ebb elementor-widget elementor-widget-text-editor\" data-id=\"4fc0ebb\" data-element_type=\"widget\" data-e-type=\"widget\" data-widget_type=\"text-editor.default\">\n\t\t\t\t<div class=\"elementor-widget-container\">\n\t\t\t\t\t\t\t\t\t<p>Eiendomsdrift ble etablert for \u00e5 drifte og forvalte eiendommer, men vokste raskt til mer enn det. Selskapet utviklet seg til en moderne bedrift med oppdrag innen tegning, prosjektering og bygging, og leverte tjenester til b\u00e5de privatpersoner, bedrifter og det offentlige.<\/p><p>Med tiden ble Eiendomsdrift en helhetlig akt\u00f8r: entrepren\u00f8r, driftsleverand\u00f8r, teknisk konsulent og totalleverand\u00f8r for bygg og anlegg. Denne bredden dannet grunnlaget for det som senere skulle bli STERK.<\/p>\t\t\t\t\t\t\t\t<\/div>\n\t\t\t\t<\/div>\n\t\t\t\t<div class=\"elementor-element elementor-element-fd0bbcd elementor-widget elementor-widget-heading\" data-id=\"fd0bbcd\" data-element_type=\"widget\" data-e-type=\"widget\" data-widget_type=\"heading.default\">\n\t\t\t\t<div class=\"elementor-widget-container\">\n\t\t\t\t\t<p class=\"elementor-heading-title elementor-size-default\">Et m\u00f8te mellom tradisjon og modernisering<\/p>\t\t\t\t<\/div>\n\t\t\t\t<\/div>\n\t\t\t\t<div class=\"elementor-element elementor-element-723423c elementor-widget elementor-widget-text-editor\" data-id=\"723423c\" data-element_type=\"widget\" data-e-type=\"widget\" data-widget_type=\"text-editor.default\">\n\t\t\t\t<div class=\"elementor-widget-container\">\n\t\t\t\t\t\t\t\t\t<p>For \u00e5 styrke h\u00e5ndverksdelen og m\u00f8te \u00f8kende ettersp\u00f8rsel, kom etter hvert to solide fagmilj\u00f8er inn i Eiendomsdrift.<\/p><p><span class=\"TextRun SCXW238764198 BCX8\" lang=\"NB-NO\" xml:lang=\"NB-NO\" data-contrast=\"auto\"><span class=\"NormalTextRun SpellingErrorV2Themed SCXW238764198 BCX8\">Fjellerud<\/span><span class=\"NormalTextRun SCXW238764198 BCX8\">\u00a0Bygg<\/span><\/span><span class=\"EOP SCXW238764198 BCX8\" data-ccp-props=\"{}\"> er e<\/span>t byggmesterfirma med r\u00f8tter tilbake til 1975. Fjellerud Bygg har levert b\u00e5de sm\u00e5 og store prosjekter, alt fra hytter og boliger til n\u00e6ringsbygg og leilighetsbygg, gjennom b\u00e5de enkeltprosjekter og totalentrepriser, blant annet Gvepseborg Caf\u00e9 &amp; Restaurant \u2013 et nasjonalt landemerke ved Rjukan. Med erfaring, dyktige fagfolk og solide tradisjoner ble de en naturlig styrking av Eiendomsdrifts voksende byggfaglige milj\u00f8.<\/p><p>Byggmester Hellstad ble etablert i 1977 og har levert nybygg, tilbygg, prosjektering og bygges\u00f8knader i flere ti\u00e5r, med Telemark som sitt hovedomr\u00e5de. Da virksomheten ble en del av Eiendomsdrift, brakte de med seg en sterk byggmestertradisjon, arkitektkompetanse og et omd\u00f8mme bygget p\u00e5 kvalitet og l\u00f8sningsorientert h\u00e5ndverk.<\/p>\t\t\t\t\t\t\t\t<\/div>\n\t\t\t\t<\/div>\n\t\t\t\t<div class=\"elementor-element elementor-element-e421246 elementor-widget elementor-widget-heading\" data-id=\"e421246\" data-element_type=\"widget\" data-e-type=\"widget\" data-widget_type=\"heading.default\">\n\t\t\t\t<div class=\"elementor-widget-container\">\n\t\t\t\t\t<p class=\"elementor-heading-title elementor-size-default\">Solide historier \u2013 \u00e9n STERK retning<\/p>\t\t\t\t<\/div>\n\t\t\t\t<\/div>\n\t\t\t\t<div class=\"elementor-element elementor-element-1c6e531 elementor-widget elementor-widget-text-editor\" data-id=\"1c6e531\" data-element_type=\"widget\" data-e-type=\"widget\" data-widget_type=\"text-editor.default\">\n\t\t\t\t<div class=\"elementor-widget-container\">\n\t\t\t\t\t\t\t\t\t<p><span data-teams=\"true\">Sammen representerer disse virksomhetene flere ti\u00e5r med kontinuerlig aktivitet innen bygg og eiendom. Sammensl\u00e5ingen bygger p\u00e5 komplement\u00e6r kompetanse og felles forst\u00e5else for kvalitet i alle ledd. <\/span><\/p><p><span data-teams=\"true\">En STERK kombinasjon av bedrifter gjorde navnevalget enkelt.<\/span><\/p>\t\t\t\t\t\t\t\t<\/div>\n\t\t\t\t<\/div>\n\t\t\t\t<\/div>\n\t\t\t\t<\/div>\n\t\t\t\t<\/div>\n\t\t","protected":false},"excerpt":{"rendered":"<p>Hjem Artikler Kontakt oss Historien om STERK Historien om STERK I STERK har vi samlet solide fagmilj\u00f8er basert p\u00e5 felles lidenskap for faget. Sterk dedikasjon til h\u00e5ndverk, kvalitet og kunder, kombinert med tradisjon og nytenkning, st\u00e5r sentralt. Grunnlaget ble lagt i 1984, da en familiedrevet virksomhet innen bygg og eiendom startet sin aktivitet. Denne virksomheten [&hellip;]<\/p>\n","protected":false},"author":1,"featured_media":995,"parent":0,"menu_order":0,"comment_status":"closed","ping_status":"closed","template":"","meta":{"footnotes":""},"class_list":["post-993","page","type-page","status-publish","has-post-thumbnail","hentry"],"_links":{"self":[{"href":"https:\/\/www.sterkgruppen.no\/index.php?rest_route=\/wp\/v2\/pages\/993","targetHints":{"allow":["GET"]}}],"collection":[{"href":"https:\/\/www.sterkgruppen.no\/index.php?rest_route=\/wp\/v2\/pages"}],"about":[{"href":"https:\/\/www.sterkgruppen.no\/index.php?rest_route=\/wp\/v2\/types\/page"}],"author":[{"embeddable":true,"href":"https:\/\/www.sterkgruppen.no\/index.php?rest_route=\/wp\/v2\/users\/1"}],"replies":[{"embeddable":true,"href":"https:\/\/www.sterkgruppen.no\/index.php?rest_route=%2Fwp%2Fv2%2Fcomments&post=993"}],"version-history":[{"count":39,"href":"https:\/\/www.sterkgruppen.no\/index.php?rest_route=\/wp\/v2\/pages\/993\/revisions"}],"predecessor-version":[{"id":1045,"href":"https:\/\/www.sterkgruppen.no\/index.php?rest_route=\/wp\/v2\/pages\/993\/revisions\/1045"}],"wp:featuredmedia":[{"embeddable":true,"href":"https:\/\/www.sterkgruppen.no\/index.php?rest_route=\/wp\/v2\/media\/995"}],"wp:attachment":[{"href":"https:\/\/www.sterkgruppen.no\/index.php?rest_route=%2Fwp%2Fv2%2Fmedia&parent=993"}],"curies":[{"name":"wp","href":"https:\/\/api.w.org\/{rel}","templated":true}]}}